{"id":343,"date":"2020-04-24T17:01:50","date_gmt":"2020-04-24T17:01:50","guid":{"rendered":"http:\/\/www.urbedog.com\/?page_id=343"},"modified":"2022-04-26T13:35:50","modified_gmt":"2022-04-26T13:35:50","slug":"quien-soy","status":"publish","type":"page","link":"http:\/\/www.urbedog.com\/index.php\/quien-soy\/","title":{"rendered":"El adiestrador"},"content":{"rendered":"\t\t<div data-elementor-type=\"wp-page\" data-elementor-id=\"343\" class=\"elementor elementor-343\">\n\t\t\t\t\t\t<div class=\"elementor-inner\">\n\t\t\t\t<div class=\"elementor-section-wrap\">\n\t\t\t\t\t\t\t\t\t<section class=\"elementor-section elementor-top-section elementor-element elementor-element-2faad21c elementor-section-content-middle elementor-section-boxed elementor-section-height-default elementor-section-height-default\" data-id=\"2faad21c\" data-element_type=\"section\">\n\t\t\t\t\t\t<div class=\"elementor-container elementor-column-gap-no\">\n\t\t\t\t\t\t\t<div class=\"elementor-row\">\n\t\t\t\t\t<div class=\"elementor-column elementor-col-100 elementor-top-column elementor-element elementor-element-71004400\" data-id=\"71004400\" data-element_type=\"column\">\n\t\t\t<div class=\"elementor-column-wrap elementor-element-populated\">\n\t\t\t\t\t\t\t<div class=\"elementor-widget-wrap\">\n\t\t\t\t\t\t<div class=\"elementor-element elementor-element-44a8325 elementor-widget elementor-widget-image\" data-id=\"44a8325\" data-element_type=\"widget\" data-widget_type=\"image.default\">\n\t\t\t\t<div class=\"elementor-widget-container\">\n\t\t\t\t\t\t\t\t<div class=\"elementor-image\">\n\t\t\t\t\t\t\t\t\t\t\t\t<img loading=\"lazy\" decoding=\"async\" width=\"960\" height=\"720\" src=\"http:\/\/www.urbedog.com\/wp-content\/uploads\/2020\/04\/Canela.jpg\" class=\"attachment-full size-full wp-image-136\" alt=\"\" srcset=\"http:\/\/www.urbedog.com\/wp-content\/uploads\/2020\/04\/Canela.jpg 960w, http:\/\/www.urbedog.com\/wp-content\/uploads\/2020\/04\/Canela-300x225.jpg 300w, http:\/\/www.urbedog.com\/wp-content\/uploads\/2020\/04\/Canela-768x576.jpg 768w\" sizes=\"auto, (max-width: 960px) 100vw, 960px\" \/>\t\t\t\t\t\t\t\t\t\t\t\t\t\t<\/div>\n\t\t\t\t\t\t<\/div>\n\t\t\t\t<\/div>\n\t\t\t\t<div class=\"elementor-element elementor-element-52155e6 elementor-widget elementor-widget-spacer\" data-id=\"52155e6\" data-element_type=\"widget\" data-widget_type=\"spacer.default\">\n\t\t\t\t<div class=\"elementor-widget-container\">\n\t\t\t\t\t<div class=\"elementor-spacer\">\n\t\t\t<div class=\"elementor-spacer-inner\"><\/div>\n\t\t<\/div>\n\t\t\t\t<\/div>\n\t\t\t\t<\/div>\n\t\t\t\t<div class=\"elementor-element elementor-element-5971d722 elementor-widget elementor-widget-text-editor\" data-id=\"5971d722\" data-element_type=\"widget\" data-widget_type=\"text-editor.default\">\n\t\t\t\t<div class=\"elementor-widget-container\">\n\t\t\t\t\t\t\t\t<div class=\"elementor-text-editor elementor-clearfix\">\n\t\t\t\t<p>Desde Urbedog os doy la bienvenida.<\/p>\n<p>Me llamo Gonzalo y llevo en el mundo del perro toda la vida y como profesional alrededor de 10 a\u00f1os.<\/p>\n<p>Empec\u00e9 mi formaci\u00f3n en 2012 con la Fundaci\u00f3n Bocal\u00e1n. Curso de Adiestrador de Perros de Asistencia.<\/p>\n<p>Segu\u00ed con la Escuela de Formaci\u00f3n Profesional Canina de Nacho Sierra en 2014. Curso de Adiestrador Profesional.<\/p>\n<p>Trabaj\u00e9 en la Escuela y Residencia Canina Conductcan de 2015 a 2017 aproximadamente con Antonio Ruiz de Conejo.<\/p>\n<p>Desde entonces hasta hoy trabajo por cuenta propia.<\/p>\n<p>He seguido form\u00e1ndome porque me encanta. Aunque si he de poner todos los seminarios y formaciones a las que he asistido, no acabo nunca.<\/p>\n<p>Hablar de m\u00ed es hablar de los perros que han pasado por mi vida. Siendo un cr\u00edo de 10 a\u00f1os, convenc\u00ed a mis padres para que me compraran a mi primer perro, una cocker spaniel que me dio unos a\u00f1os fabulosos y me cre\u00f3 una preciosa sensaci\u00f3n de pertenencia que quedar\u00eda latente hasta a\u00f1os m\u00e1s tarde. No fue hasta que tuve 20 a\u00f1os y ya fuera de casa que lleg\u00f3 a mi vida el perro que me llev\u00f3 a formarme como profesional del mundo canino. Os hablo de un pitbull de 30kg con un desorden emocional devastador. Con \u00e9l aprend\u00ed a respetar y a admirar a los perros.<\/p>\n<p>Fue por querer mejorar su vida que me obsesion\u00e9 por aprender todo lo que hab\u00eda a mano para poder manejar tanta locura.<\/p>\n<p>M\u00e1s adelante se present\u00f3 en mi vida la que considero mi primera compa\u00f1era canina. Canela. Ella me ayud\u00f3 a despojarme de los malos h\u00e1bitos de manejo y a amar a los perros. Era todo dulzura y cari\u00f1o, pero firmeza e instinto al mismo tiempo. Fue una perra muy querida por todo el que tuvo la suerte de conocerla, desprendida y alegre. Fiel.<\/p>\n<p>Durante esa \u00e9poca, pasaron otros perros por mi vida que recordar\u00e9 con cari\u00f1o. Alguno todav\u00eda est\u00e1 conmigo. Pero quien se ha convertido en mi ojito derecho y se me ha ganado de todas todas es Blue. Pastor alem\u00e1n de l\u00ednea de trabajo. Es lista y sensible, perra con car\u00e1cter fuerte. Estoy disfrutando mucho con ella y se que ella conmigo.&nbsp;<\/p>\n<p>Desde hace poco, ha llegado Cronos a mi vida. Pastor belga del tipo malinois con quien he empezado mi andadura por el mundo del IGP de la mano de mi nuevo maestro y espectacular profesional, Agust\u00edn Jurado.&nbsp;<\/p>\n<p>Gracias por la confianza, \u00a1a trabajar!<\/p>\t\t\t\t\t<\/div>\n\t\t\t\t\t\t<\/div>\n\t\t\t\t<\/div>\n\t\t\t\t<div class=\"elementor-element elementor-element-b4d8ed5 elementor-widget elementor-widget-text-editor\" data-id=\"b4d8ed5\" data-element_type=\"widget\" data-widget_type=\"text-editor.default\">\n\t\t\t\t<div class=\"elementor-widget-container\">\n\t\t\t\t\t\t\t\t<div class=\"elementor-text-editor elementor-clearfix\">\n\t\t\t\t\t\t\t\t\t<\/div>\n\t\t\t\t\t\t<\/div>\n\t\t\t\t<\/div>\n\t\t\t\t\t\t<\/div>\n\t\t\t\t\t<\/div>\n\t\t<\/div>\n\t\t\t\t\t\t\t\t<\/div>\n\t\t\t\t\t<\/div>\n\t\t<\/section>\n\t\t\t\t\t\t\t\t\t<\/div>\n\t\t\t<\/div>\n\t\t\t\t\t<\/div>\n\t\t","protected":false},"excerpt":{"rendered":"<p>Desde Urbedog os doy la bienvenida. Me llamo Gonzalo y llevo en el mundo del perro toda la vida y como profesional alrededor de 10 a\u00f1os. Empec\u00e9 mi formaci\u00f3n en 2012 con la Fundaci\u00f3n Bocal\u00e1n. Curso de Adiestrador de Perros de Asistencia. Segu\u00ed con la Escuela de Formaci\u00f3n Profesional Canina de Nacho Sierra en 2014. &hellip;<\/p>\n<p class=\"read-more\"> <a class=\"\" href=\"http:\/\/www.urbedog.com\/index.php\/quien-soy\/\"> <span class=\"screen-reader-text\">El adiestrador<\/span> Leer m\u00e1s &raquo;<\/a><\/p>\n","protected":false},"author":1,"featured_media":0,"parent":0,"menu_order":0,"comment_status":"closed","ping_status":"closed","template":"","meta":{"site-sidebar-layout":"no-sidebar","site-content-layout":"page-builder","ast-global-header-display":"","ast-main-header-display":"","ast-hfb-above-header-display":"","ast-hfb-below-header-display":"","ast-hfb-mobile-header-display":"","site-post-title":"disabled","ast-breadcrumbs-content":"","ast-featured-img":"disabled","footer-sml-layout":"","theme-transparent-header-meta":"default","adv-header-id-meta":"","stick-header-meta":"","header-above-stick-meta":"","header-main-stick-meta":"","header-below-stick-meta":"","footnotes":""},"class_list":["post-343","page","type-page","status-publish","hentry"],"_links":{"self":[{"href":"http:\/\/www.urbedog.com\/index.php\/wp-json\/wp\/v2\/pages\/343","targetHints":{"allow":["GET"]}}],"collection":[{"href":"http:\/\/www.urbedog.com\/index.php\/wp-json\/wp\/v2\/pages"}],"about":[{"href":"http:\/\/www.urbedog.com\/index.php\/wp-json\/wp\/v2\/types\/page"}],"author":[{"embeddable":true,"href":"http:\/\/www.urbedog.com\/index.php\/wp-json\/wp\/v2\/users\/1"}],"replies":[{"embeddable":true,"href":"http:\/\/www.urbedog.com\/index.php\/wp-json\/wp\/v2\/comments?post=343"}],"version-history":[{"count":22,"href":"http:\/\/www.urbedog.com\/index.php\/wp-json\/wp\/v2\/pages\/343\/revisions"}],"predecessor-version":[{"id":790,"href":"http:\/\/www.urbedog.com\/index.php\/wp-json\/wp\/v2\/pages\/343\/revisions\/790"}],"wp:attachment":[{"href":"http:\/\/www.urbedog.com\/index.php\/wp-json\/wp\/v2\/media?parent=343"}],"curies":[{"name":"wp","href":"https:\/\/api.w.org\/{rel}","templated":true}]}}